{"id":20,"date":"2021-04-11T11:21:03","date_gmt":"2021-04-11T09:21:03","guid":{"rendered":"http:\/\/new.taxrefund.pl\/?page_id=20"},"modified":"2024-07-15T22:08:39","modified_gmt":"2024-07-15T20:08:39","slug":"doradztwo","status":"publish","type":"page","link":"https:\/\/taxrefund.pl\/de\/doradztwo\/","title":{"rendered":"Doradztwo"},"content":{"rendered":"<div class=\"contenttitle\">\n<p><span style=\"font-size: 16px;\">Nasza firma specjalizuje si\u0119 w szczeg\u00f3lno\u015bci w obs\u0142udzie os\u00f3b pracuj\u0105cych w Niemczech. Zar\u00f3wno je\u015bli chodzi o prac\u0119 najemn\u0105, jak i o wykonywanie dzia\u0142alno\u015bci gospodarczej.<\/span><\/p>\n<\/div>\n<div class=\"pagecontent\">\n<p>W razie w\u0105tpliwo\u015bci w wype\u0142nianiu otrzymanych od nas dokument\u00f3w, lub w jakichkolwiek innych typowych sprawach zwi\u0105zanych z uzyskaniem zwrotu podatku z zagranicy prosimy dzwoni\u0107. Jeste\u015bmy do Pa\u0144stwa dyspozycji.<\/p>\n<p>S\u0142uzymy tak\u017ce pomoc\u0105 przy bardziej szczeg\u00f3\u0142owych pytaniach oraz oferujemy mo\u017cliwo\u015b\u0107 indywidualnych konsultacji. Zw\u0142aszcza w zwi\u0105zku z uzyskiwaniem w Niemczech dochod\u00f3w z dzia\u0142alno\u015bci gospodarczej. Wiele informacji zwi\u0105zanych z t\u0119 tematyk\u0105 mo\u017cna znale\u017a\u0107 na stronie:<\/p>\n<p><strong><a href=\"http:\/\/www.pracabezgranic.info\/\">www.pracabezgranic.info<\/a><\/strong><\/p>\n<\/div>\n","protected":false},"excerpt":{"rendered":"<p>Nasza firma specjalizuje si\u0119 w szczeg\u00f3lno\u015bci w obs\u0142udzie os\u00f3b pracuj\u0105cych w Niemczech. Zar\u00f3wno je\u015bli chodzi o prac\u0119 najemn\u0105, jak i o wykonywanie dzia\u0142alno\u015bci gospodarczej. W razie w\u0105tpliwo\u015bci w wype\u0142nianiu otrzymanych od nas dokument\u00f3w, lub w jakichkolwiek innych typowych sprawach zwi\u0105zanych z uzyskaniem zwrotu podatku z zagranicy prosimy dzwoni\u0107. Jeste\u015bmy do Pa\u0144stwa dyspozycji. S\u0142uzymy tak\u017ce pomoc\u0105 [&hellip;]<\/p>\n","protected":false},"author":1,"featured_media":240,"parent":0,"menu_order":0,"comment_status":"closed","ping_status":"closed","template":"","meta":{"_acf_changed":false,"footnotes":""},"tags":[],"class_list":["post-20","page","type-page","status-publish","has-post-thumbnail","hentry"],"translation":{"provider":"WPGlobus","version":"3.0.1","language":"de","enabled_languages":["pl","en","de","ru"],"languages":{"pl":{"title":true,"content":true,"excerpt":false},"en":{"title":false,"content":false,"excerpt":false},"de":{"title":false,"content":false,"excerpt":false},"ru":{"title":false,"content":false,"excerpt":false}}},"acf":[],"_links":{"self":[{"href":"https:\/\/taxrefund.pl\/de\/wp-json\/wp\/v2\/pages\/20","targetHints":{"allow":["GET"]}}],"collection":[{"href":"https:\/\/taxrefund.pl\/de\/wp-json\/wp\/v2\/pages"}],"about":[{"href":"https:\/\/taxrefund.pl\/de\/wp-json\/wp\/v2\/types\/page"}],"author":[{"embeddable":true,"href":"https:\/\/taxrefund.pl\/de\/wp-json\/wp\/v2\/users\/1"}],"replies":[{"embeddable":true,"href":"https:\/\/taxrefund.pl\/de\/wp-json\/wp\/v2\/comments?post=20"}],"version-history":[{"count":2,"href":"https:\/\/taxrefund.pl\/de\/wp-json\/wp\/v2\/pages\/20\/revisions"}],"predecessor-version":[{"id":54,"href":"https:\/\/taxrefund.pl\/de\/wp-json\/wp\/v2\/pages\/20\/revisions\/54"}],"wp:featuredmedia":[{"embeddable":true,"href":"https:\/\/taxrefund.pl\/de\/wp-json\/wp\/v2\/media\/240"}],"wp:attachment":[{"href":"https:\/\/taxrefund.pl\/de\/wp-json\/wp\/v2\/media?parent=20"}],"wp:term":[{"taxonomy":"post_tag","embeddable":true,"href":"https:\/\/taxrefund.pl\/de\/wp-json\/wp\/v2\/tags?post=20"}],"curies":[{"name":"wp","href":"https:\/\/api.w.org\/{rel}","templated":true}]}}