{"id":238,"date":"2024-07-15T22:05:15","date_gmt":"2024-07-15T20:05:15","guid":{"rendered":"https:\/\/taxrefund.pl\/?page_id=238"},"modified":"2026-02-05T18:46:11","modified_gmt":"2026-02-05T17:46:11","slug":"rozdawaj-rabaty","status":"publish","type":"page","link":"https:\/\/taxrefund.pl\/de\/rozdawaj-rabaty\/","title":{"rendered":"Rozdawaj rabaty!"},"content":{"rendered":"<p>Rozdawaj rabaty na nasz\u0105 us\u0142ug\u0119 \u201ezwrot podatku z Niemiec\u201d i <strong>zarabiaj na tym pieni\u0105dze!<\/strong><\/p>\n<p>Za ka\u017cdym razem, gdy kto\u015b poda otrzymany od Ciebie kod rabatowy w formularzu zg\u0142oszeniowym na stronie <a href=\"http:\/\/www.taxrefund.pl\/zwrot-podatku\"><span style=\"color: #000080;\"><strong>taxrefund.pl\/zwrot-podatku<\/strong><\/span><\/a>, otrzyma rabat w wysoko\u015bci <strong>5%<\/strong> na nasz\u0105 us\u0142ug\u0119, a <strong>Tobie wyp\u0142acimy prowizj\u0119<\/strong>.<\/p>\n<p><strong>Jak to robi\u0107?<\/strong><br \/>\nPo prostu wklejaj w postach i komentarzach w mediach spo\u0142eczno\u015bciowych link do naszej strony i zach\u0119caj do skorzystania z naszych us\u0142ug oferuj\u0105c ni\u017csz\u0105 cen\u0119 jak\u0105 daje Tw\u00f3j indywidualny kod rabatowy wielokrotnego u\u017cytku. Kod oraz dalsze instrukcje otrzymasz po wys\u0142aniu zg\u0142oszenia.<\/p>\n<p><strong>Zg\u0142o\u015b si\u0119 i zacznij zarabia\u0107:<\/strong><\/p>\n\n<div class=\"wpcf7 no-js\" id=\"wpcf7-f256-o1\" lang=\"pl-PL\" dir=\"ltr\" data-wpcf7-id=\"256\">\n<div class=\"screen-reader-response\"><p role=\"status\" aria-live=\"polite\" aria-atomic=\"true\"><\/p> <ul><\/ul><\/div>\n<form action=\"\/de\/wp-json\/wp\/v2\/pages\/238#wpcf7-f256-o1\" method=\"post\" class=\"wpcf7-form init\" aria-label=\"Formularz kontaktowy\" novalidate=\"novalidate\" data-status=\"init\">\n<fieldset class=\"hidden-fields-container\"><input type=\"hidden\" name=\"_wpcf7\" value=\"256\" \/><input type=\"hidden\" name=\"_wpcf7_version\" value=\"6.1.4\" \/><input type=\"hidden\" name=\"_wpcf7_locale\" value=\"pl_PL\" \/><input type=\"hidden\" name=\"_wpcf7_unit_tag\" value=\"wpcf7-f256-o1\" \/><input type=\"hidden\" name=\"_wpcf7_container_post\" value=\"0\" \/><input type=\"hidden\" name=\"_wpcf7_posted_data_hash\" value=\"\" \/>\n<\/fieldset>\n<div class=\"wpcf7-turnstile cf-turnstile\" data-sitekey=\"0x4AAAAAAC4iZhuxW6zn8AzD\" data-response-field-name=\"_wpcf7_turnstile_response\"><\/div>\n\n<div class=\"form-group your-name\"><label class=\"\">Imi\u0119 i nazwisko <span class=\"required\">*<\/span><\/label><input class=\"wpcf7-form-control wpcf7-text wpcf7-validates-as-required form-control\" name=\"your-name\" type=\"text\" value=\"\" aria-invalid=\"false\" aria-required=\"true\" required><\/div>\n<div class=\"form-group your-email\"><label class=\"\">Email <span class=\"required\">*<\/span><\/label><input class=\"wpcf7-form-control wpcf7-email wpcf7-validates-as-required wpcf7-text wpcf7-validates-as-email form-control\" name=\"your-email\" type=\"email\" value=\"\" aria-invalid=\"false\" aria-required=\"true\" required><\/div>\n<div class=\"form-group your-phone\"><label class=\"\">Telefon <span class=\"required\">*<\/span><\/label><input class=\"wpcf7-form-control wpcf7-text wpcf7-validates-as-required form-control\" name=\"your-phone\" type=\"text\" value=\"\" aria-invalid=\"false\" aria-required=\"true\" required><\/div>\n<div class=\"form-group adress\"><label class=\"\">adres zamieszkania<\/label><input class=\"wpcf7-form-control wpcf7-text form-control\" name=\"adress\" type=\"text\" value=\"\" aria-invalid=\"false\"><\/div>\n<div class=\"form-group wpcf7-form-control wpcf7-checkbox wpcf7-validates-as-required checkbox-356 d-inline\"><div class=\"checkbox wpcf7-form-control wpcf7-checkbox wpcf7-validates-as-required checkbox-356 d-inline\"><label ><input name=\"checkbox-356\" type=\"checkbox\" value=\"Prosz\u0119 o przys\u0142anie mi kodu rabatowego wielokrotnego u\u017cytku do celu zarobkowego promowania w internecie us\u0142ug \u015bwiadczonych przez firm\u0119 TAXREFUND Sp. z o.o..\nWyra\u017cam zgod\u0119 na przetwarzanie przez TAXREFUND Sp. zo.o. z siedzib\u0105 w Zgorzelcu (59-900), przy ul. Armii Krajowej 51A oraz przez wsp\u00f3\u0142pracuj\u0105ce z ni\u0105 podmioty, moich danych osobowych dla potrzeb realizacji wsp\u00f3\u0142pracy.\" aria-invalid=\"false\" aria-required=\"true\" required>Prosz\u0119 o przys\u0142anie mi kodu rabatowego wielokrotnego u\u017cytku do celu zarobkowego promowania w internecie us\u0142ug \u015bwiadczonych przez firm\u0119 TAXREFUND Sp. z o.o..\nWyra\u017cam zgod\u0119 na przetwarzanie przez TAXREFUND Sp. zo.o. z siedzib\u0105 w Zgorzelcu (59-900), przy ul. Armii Krajowej 51A oraz przez wsp\u00f3\u0142pracuj\u0105ce z ni\u0105 podmioty, moich danych osobowych dla potrzeb realizacji wsp\u00f3\u0142pracy.<\/label><\/div><\/div>\n\n<div class=\"form-group math-quiz\"><p class=\"wpcf7-quiz-label\">8+10=?<\/p><input type=\"hidden\" name=\"_wpcf7_quiz_answer_math-quiz\" value=\"3ead2faaeb5cf5364979081b8d1f76ea\"><input class=\"wpcf7-form-control wpcf7-quiz form-control\" name=\"math-quiz\" type=\"text\" value=\"\" aria-invalid=\"false\"><\/div>\n\n<div class=\"form-group\"><div><input class=\"wpcf7-form-control wpcf7-submit btn btn-primary\" type=\"submit\" value=\"W Y \u015a L I J\"><\/div><\/div><div class=\"wpcf7-response-output alert alert-warning\"><\/div>\n<\/form>\n<\/div>\n\n","protected":false},"excerpt":{"rendered":"<p>Rozdawaj rabaty na nasz\u0105 us\u0142ug\u0119 \u201ezwrot podatku z Niemiec\u201d i zarabiaj na tym pieni\u0105dze! Za ka\u017cdym razem, gdy kto\u015b poda otrzymany od Ciebie kod rabatowy w formularzu zg\u0142oszeniowym na stronie taxrefund.pl\/zwrot-podatku, otrzyma rabat w wysoko\u015bci 5% na nasz\u0105 us\u0142ug\u0119, a Tobie wyp\u0142acimy prowizj\u0119. Jak to robi\u0107? Po prostu wklejaj w postach i komentarzach w mediach [&hellip;]<\/p>\n","protected":false},"author":1,"featured_media":250,"parent":0,"menu_order":0,"comment_status":"closed","ping_status":"closed","template":"","meta":{"_acf_changed":false,"footnotes":""},"class_list":["post-238","page","type-page","status-publish","has-post-thumbnail","hentry"],"translation":{"provider":"WPGlobus","version":"3.0.1","language":"de","enabled_languages":["pl","en","de","ru"],"languages":{"pl":{"title":true,"content":true,"excerpt":false},"en":{"title":false,"content":false,"excerpt":false},"de":{"title":false,"content":false,"excerpt":false},"ru":{"title":false,"content":false,"excerpt":false}}},"acf":[],"_links":{"self":[{"href":"https:\/\/taxrefund.pl\/de\/wp-json\/wp\/v2\/pages\/238","targetHints":{"allow":["GET"]}}],"collection":[{"href":"https:\/\/taxrefund.pl\/de\/wp-json\/wp\/v2\/pages"}],"about":[{"href":"https:\/\/taxrefund.pl\/de\/wp-json\/wp\/v2\/types\/page"}],"author":[{"embeddable":true,"href":"https:\/\/taxrefund.pl\/de\/wp-json\/wp\/v2\/users\/1"}],"replies":[{"embeddable":true,"href":"https:\/\/taxrefund.pl\/de\/wp-json\/wp\/v2\/comments?post=238"}],"version-history":[{"count":11,"href":"https:\/\/taxrefund.pl\/de\/wp-json\/wp\/v2\/pages\/238\/revisions"}],"predecessor-version":[{"id":341,"href":"https:\/\/taxrefund.pl\/de\/wp-json\/wp\/v2\/pages\/238\/revisions\/341"}],"wp:featuredmedia":[{"embeddable":true,"href":"https:\/\/taxrefund.pl\/de\/wp-json\/wp\/v2\/media\/250"}],"wp:attachment":[{"href":"https:\/\/taxrefund.pl\/de\/wp-json\/wp\/v2\/media?parent=238"}],"curies":[{"name":"wp","href":"https:\/\/api.w.org\/{rel}","templated":true}]}}