{"id":32,"date":"2021-04-11T11:24:38","date_gmt":"2021-04-11T09:24:38","guid":{"rendered":"http:\/\/new.taxrefund.pl\/?page_id=32"},"modified":"2026-02-06T19:31:17","modified_gmt":"2026-02-06T18:31:17","slug":"dane-firmy-kontakt","status":"publish","type":"page","link":"https:\/\/taxrefund.pl\/de\/dane-firmy-kontakt\/","title":{"rendered":"Dane firmy &#038; kontakt"},"content":{"rendered":"<div class=\"contenttitle\">\n<p><strong><span style=\"font-size: 18pt;\">T A X R E F U N D<br \/>\n<\/span><\/strong>Sp\u00f3\u0142ka z o.o.<\/p>\n<p><img fetchpriority=\"high\" decoding=\"async\" class=\"alignnone size-medium wp-image-86\" src=\"http:\/\/new.taxrefund.pl\/wp-content\/uploads\/2021\/05\/IMG_Taxrefund-300x206.jpg\" alt=\"\" width=\"300\" height=\"206\" srcset=\"https:\/\/taxrefund.pl\/wp-content\/uploads\/2021\/05\/IMG_Taxrefund-300x206.jpg 300w, https:\/\/taxrefund.pl\/wp-content\/uploads\/2021\/05\/IMG_Taxrefund-1024x702.jpg 1024w, https:\/\/taxrefund.pl\/wp-content\/uploads\/2021\/05\/IMG_Taxrefund-768x527.jpg 768w, https:\/\/taxrefund.pl\/wp-content\/uploads\/2021\/05\/IMG_Taxrefund-1536x1054.jpg 1536w, https:\/\/taxrefund.pl\/wp-content\/uploads\/2021\/05\/IMG_Taxrefund-2048x1405.jpg 2048w\" sizes=\"(max-width: 300px) 100vw, 300px\" \/><\/p>\n<\/div>\n<div class=\"pagecontent\">\n<p>ul. Armii Krajowej 51A<br \/>\n59-900 Zgorzelec<\/p>\n<p>E-mail:\u00a0<a href=\"mailto:biuro@taxrefund.pl\">biuro@taxrefund.pl<\/a><\/p>\n<p>Telefon: +48 75 77 19 765<br \/>\nFax:\u00a0 +48 75 61 120 54<strong style=\"color: #800000;\">\u00a0<\/strong><\/p>\n<p><span style=\"color: #000000;\">Tel. kom: +48 501 434 519<\/span><\/p>\n<p>WhatsApp: +48 501 434 519<\/p>\n<p>&nbsp;<\/p>\n<p>Godziny otwarcia biura:<\/p>\n<p>Poniedzia\u0142ek &#8211; Pi\u0105tek<br \/>\n8:00 &#8211; 16:00<\/p>\n<p>(a tak\u017ce poza tymi godzinami po telefonicznym um\u00f3wieniu terminu)<\/p>\n<hr \/>\n<p>REGON 022040666\u00a0\u00a0\u00a0\u00a0\u00a0\u00a0\u00a0 NIP 615-20-42-800<\/p>\n<p>S\u0105d Rejonowy Wroc\u0142aw Fabryczna IX Wydz. Gosp. KRS 0000444954<br \/>\nkapita\u0142 zak\u0142adowy 75.000 PLN<\/p>\n<hr \/>\n<p>osoby upowa\u017cnione do reprezentowania firmy:<\/p>\n<p>Agnieszka Buczek &#8211; prezes zarz\u0105du<\/p>\n<p>Waldemar Ko\u015bciukiewicz &#8211; prokurent<\/p>\n<hr \/>\n<p>Rachunki bankowe:<\/p>\n<p>78 2490 0005 0000 4530 6876 6537 (konto z\u0142ot\u00f3wkowe &#8211; Aliorbank)<\/p>\n<p>PL36 2490 0005 0000 4600 9046 0523 (konto w Euro &#8211; kod BIC: ALBPPLPW)<\/p>\n<\/div>\n","protected":false},"excerpt":{"rendered":"<p>T A X R E F U N D Sp\u00f3\u0142ka z o.o. ul. Armii Krajowej 51A 59-900 Zgorzelec E-mail:\u00a0biuro@taxrefund.pl Telefon: +48 75 77 19 765 Fax:\u00a0 +48 75 61 120 54\u00a0 Tel. kom: +48 501 434 519 WhatsApp: +48 501 434 519 &nbsp; Godziny otwarcia biura: Poniedzia\u0142ek &#8211; Pi\u0105tek 8:00 &#8211; 16:00 (a tak\u017ce poza [&hellip;]<\/p>\n","protected":false},"author":1,"featured_media":0,"parent":0,"menu_order":0,"comment_status":"closed","ping_status":"closed","template":"","meta":{"_acf_changed":false,"footnotes":""},"tags":[],"class_list":["post-32","page","type-page","status-publish","hentry"],"translation":{"provider":"WPGlobus","version":"3.0.1","language":"de","enabled_languages":["pl","en","de","ru"],"languages":{"pl":{"title":true,"content":true,"excerpt":false},"en":{"title":false,"content":false,"excerpt":false},"de":{"title":false,"content":false,"excerpt":false},"ru":{"title":false,"content":false,"excerpt":false}}},"acf":[],"_links":{"self":[{"href":"https:\/\/taxrefund.pl\/de\/wp-json\/wp\/v2\/pages\/32","targetHints":{"allow":["GET"]}}],"collection":[{"href":"https:\/\/taxrefund.pl\/de\/wp-json\/wp\/v2\/pages"}],"about":[{"href":"https:\/\/taxrefund.pl\/de\/wp-json\/wp\/v2\/types\/page"}],"author":[{"embeddable":true,"href":"https:\/\/taxrefund.pl\/de\/wp-json\/wp\/v2\/users\/1"}],"replies":[{"embeddable":true,"href":"https:\/\/taxrefund.pl\/de\/wp-json\/wp\/v2\/comments?post=32"}],"version-history":[{"count":10,"href":"https:\/\/taxrefund.pl\/de\/wp-json\/wp\/v2\/pages\/32\/revisions"}],"predecessor-version":[{"id":350,"href":"https:\/\/taxrefund.pl\/de\/wp-json\/wp\/v2\/pages\/32\/revisions\/350"}],"wp:attachment":[{"href":"https:\/\/taxrefund.pl\/de\/wp-json\/wp\/v2\/media?parent=32"}],"wp:term":[{"taxonomy":"post_tag","embeddable":true,"href":"https:\/\/taxrefund.pl\/de\/wp-json\/wp\/v2\/tags?post=32"}],"curies":[{"name":"wp","href":"https:\/\/api.w.org\/{rel}","templated":true}]}}