{"id":42,"date":"2021-04-11T11:32:23","date_gmt":"2021-04-11T09:32:23","guid":{"rendered":"http:\/\/new.taxrefund.pl\/?page_id=42"},"modified":"2026-02-06T19:28:07","modified_gmt":"2026-02-06T18:28:07","slug":"aktualne-promocje","status":"publish","type":"page","link":"https:\/\/taxrefund.pl\/de\/aktualne-promocje\/","title":{"rendered":"Strefa Rabat\u00f3w"},"content":{"rendered":"<div class=\"contenttitle\">\n<p><strong>Wielu klient\u00f3w korzysta z naszych us\u0142ug od lat. Cieszy nas to niezmiernie, gdy\u017c jest to dow\u00f3d zaufania do nas i pozytywnego postrzegania naszej firmy. Wszystkim serdecznie dzi\u0119kujemy.<\/strong><\/p>\n<p><span style=\"color: #ff0000;\"><strong>5% &#8211; Za opini\u0119 w Google lub na Facebooku.<\/strong><\/span><\/p>\n<p>Je\u015bli zechcieliby si\u0119 Pa\u0144stwo podzieli\u0107 opini\u0105 o naszej firmie i uzyska\u0107 5% rabatu na kolejne us\u0142ugi, to mo\u017cna to zrobi\u0107 tutaj:<\/p>\n<p><span style=\"color: #000000;\"><strong><a style=\"color: #000000;\" href=\"https:\/\/g.page\/r\/CfxiXyS1-w_nEB0\/review\">Dodaj opini\u0119 w Google\u00a0<\/a><\/strong><\/span><\/p>\n<p><span style=\"color: #000000;\"><strong><a style=\"color: #000000;\" href=\"https:\/\/www.facebook.com\/profile.php?id=100054645631415&amp;sk=reviews\">Dodaj opini\u0119 na Facebooku<\/a><\/strong><\/span><\/p>\n<\/div>\n<div class=\"pagecontent\">\n<p>Klientom, kt\u00f3rzy staraj\u0105 si\u0119 za po\u015brednictwem naszej firmy o zwrot podatku i chcieliby nas poleci\u0107 kolejnym osobom oferujemy:<\/p>\n<p><span style=\"color: #ff0000;\"><strong>5% &#8211; Za polecenie nowego klienta, kt\u00f3ry si\u0119 u nas rozliczy.<\/strong><\/span><\/p>\n<p>Zasady przyznawania rabatu za polecanie klient\u00f3w:<\/p>\n<p>1. Promocja dotyczy us\u0142ugi odzyskania zwrotu podatku dochodowego dla pracuj\u0105cych w Niemczech, \u015bwiadczonych przez firm\u0119 TAXREFUND Sp. z o.o.<\/p>\n<p>2. Udziela si\u0119 rabatu w wysoko\u015bci 5% za ka\u017cd\u0105 polecon\u0105 osob\u0119, kt\u00f3ra si\u0119 u nas rozliczy po raz pierwszy. Dane poleconych os\u00f3b powinny zawiera\u0107 przynajmniej imi\u0119, nazwisko oraz numer telefonu.<\/p>\n<p>3. Warunkiem skorzystania z rabatu jest zawarcie przez polecone osoby umowy z TAXREFUND Sp. z o.o. oraz przekazanie zagranicznego dokumentu podatkowego do biura TAXREFUND Sp. z o.o. przed otrzymaniem przez osob\u0119 polecaj\u0105ca zwrotu podatku lub przed dat\u0105 wydania przez zagraniczny urz\u0105d skarbowy decyzji przyznaj\u0105cej jej zwrot podatku (zale\u017cnie co nast\u0105pi pr\u0119dzej).<\/p>\n<p>4. Z grona os\u00f3b poleconych wyklucza si\u0119 osoby, kt\u00f3re zawar\u0142y umow\u0119 z TAXREFUND Sp. z o.o. zanim zosta\u0142y polecone przez klienta, korzysta\u0142y ju\u017c w przesz\u0142o\u015bci z us\u0142ug firmy TAXREFUND lub Waldemar Ko\u015bciukiewicz CONSULTING lub zosta\u0142y polecone przez kogo\u015b innego wcze\u015bniej.<\/p>\n<p><span style=\"color: #ff0000;\"><strong>3% &#8211; Kod rabatowy.*<\/strong><\/span><\/p>\n<p>Je\u015bli otrzyma\u0142e\u015b kod rabatowy to wpisz go w formularzu zg\u0142oszeniowym, dzi\u0119ki temu uzyskasz rabat w wysoko\u015bci 3%.<\/p>\n<\/div>\n<p><span style=\"color: #ff0000;\"><strong>5% &#8211; Dla sta\u0142ych klient\u00f3w.*<\/strong><\/span><\/p>\n<p>Sta\u0142y rabat w wysoko\u015bci 5% dla klient\u00f3w rozliczaj\u0105cych si\u0119 u nas po raz kolejny.<\/p>\n<p>UWAGA! Rabaty &#8222;Kod Rabatowy&#8220; oraz &#8222;Dla sta\u0142ych klient\u00f3w&#8220; nie \u0142\u0105cz\u0105 si\u0119.<\/p>\n<p>&nbsp;<\/p>\n","protected":false},"excerpt":{"rendered":"<p>Wielu klient\u00f3w korzysta z naszych us\u0142ug od lat. Cieszy nas to niezmiernie, gdy\u017c jest to dow\u00f3d zaufania do nas i pozytywnego postrzegania naszej firmy. Wszystkim serdecznie dzi\u0119kujemy. 5% &#8211; Za opini\u0119 w Google lub na Facebooku. Je\u015bli zechcieliby si\u0119 Pa\u0144stwo podzieli\u0107 opini\u0105 o naszej firmie i uzyska\u0107 5% rabatu na kolejne us\u0142ugi, to mo\u017cna to [&hellip;]<\/p>\n","protected":false},"author":1,"featured_media":0,"parent":0,"menu_order":0,"comment_status":"closed","ping_status":"closed","template":"","meta":{"_acf_changed":false,"footnotes":""},"tags":[],"class_list":["post-42","page","type-page","status-publish","hentry"],"translation":{"provider":"WPGlobus","version":"3.0.1","language":"de","enabled_languages":["pl","en","de","ru"],"languages":{"pl":{"title":true,"content":true,"excerpt":false},"en":{"title":false,"content":false,"excerpt":false},"de":{"title":false,"content":false,"excerpt":false},"ru":{"title":false,"content":false,"excerpt":false}}},"acf":[],"_links":{"self":[{"href":"https:\/\/taxrefund.pl\/de\/wp-json\/wp\/v2\/pages\/42","targetHints":{"allow":["GET"]}}],"collection":[{"href":"https:\/\/taxrefund.pl\/de\/wp-json\/wp\/v2\/pages"}],"about":[{"href":"https:\/\/taxrefund.pl\/de\/wp-json\/wp\/v2\/types\/page"}],"author":[{"embeddable":true,"href":"https:\/\/taxrefund.pl\/de\/wp-json\/wp\/v2\/users\/1"}],"replies":[{"embeddable":true,"href":"https:\/\/taxrefund.pl\/de\/wp-json\/wp\/v2\/comments?post=42"}],"version-history":[{"count":15,"href":"https:\/\/taxrefund.pl\/de\/wp-json\/wp\/v2\/pages\/42\/revisions"}],"predecessor-version":[{"id":349,"href":"https:\/\/taxrefund.pl\/de\/wp-json\/wp\/v2\/pages\/42\/revisions\/349"}],"wp:attachment":[{"href":"https:\/\/taxrefund.pl\/de\/wp-json\/wp\/v2\/media?parent=42"}],"wp:term":[{"taxonomy":"post_tag","embeddable":true,"href":"https:\/\/taxrefund.pl\/de\/wp-json\/wp\/v2\/tags?post=42"}],"curies":[{"name":"wp","href":"https:\/\/api.w.org\/{rel}","templated":true}]}}